{"id":835,"date":"2019-12-14T18:35:49","date_gmt":"2019-12-14T17:35:49","guid":{"rendered":"http:\/\/www.psychologue-aixenprovence.net\/?page_id=835"},"modified":"2024-11-21T20:01:29","modified_gmt":"2024-11-21T19:01:29","slug":"accueil-1","status":"publish","type":"page","link":"http:\/\/www.psychologue-aixenprovence.net\/","title":{"rendered":"Accueil 1"},"content":{"rendered":"\t\t<div data-elementor-type=\"wp-page\" data-elementor-id=\"835\" class=\"elementor elementor-835\">\n\t\t\t\t\t\t<section class=\"elementor-section elementor-top-section elementor-element elementor-element-e4adfa4 elementor-section-full_width elementor-section-height-default elementor-section-height-default\" data-id=\"e4adfa4\" data-element_type=\"section\" data-e-type=\"section\">\n\t\t\t\t\t\t<div class=\"elementor-container elementor-column-gap-default\">\n\t\t\t\t\t<div class=\"elementor-column elementor-col-100 elementor-top-column elementor-element elementor-element-d3814f2\" data-id=\"d3814f2\" data-element_type=\"column\" data-e-type=\"column\">\n\t\t\t<div class=\"elementor-widget-wrap elementor-element-populated\">\n\t\t\t\t\t\t<div class=\"elementor-element elementor-element-015c8b5 elementor-widget elementor-widget-image\" data-id=\"015c8b5\" data-element_type=\"widget\" data-e-type=\"widget\" data-widget_type=\"image.default\">\n\t\t\t\t<div class=\"elementor-widget-container\">\n\t\t\t\t\t\t\t\t\t\t\t\t\t\t\t<img fetchpriority=\"high\" decoding=\"async\" width=\"999\" height=\"287\" src=\"https:\/\/www.psychologue-aixenprovence.net\/wp-content\/uploads\/2019\/12\/cropped-20120519_1221431.jpg\" class=\"attachment-full size-full wp-image-794\" alt=\"\" srcset=\"https:\/\/www.psychologue-aixenprovence.net\/wp-content\/uploads\/2019\/12\/cropped-20120519_1221431.jpg 999w, https:\/\/www.psychologue-aixenprovence.net\/wp-content\/uploads\/2019\/12\/cropped-20120519_1221431-600x172.jpg 600w, https:\/\/www.psychologue-aixenprovence.net\/wp-content\/uploads\/2019\/12\/cropped-20120519_1221431-300x86.jpg 300w, https:\/\/www.psychologue-aixenprovence.net\/wp-content\/uploads\/2019\/12\/cropped-20120519_1221431-768x221.jpg 768w\" sizes=\"(max-width: 999px) 100vw, 999px\" \/>\t\t\t\t\t\t\t\t\t\t\t\t\t\t\t<\/div>\n\t\t\t\t<\/div>\n\t\t\t\t\t<\/div>\n\t\t<\/div>\n\t\t\t\t\t<\/div>\n\t\t<\/section>\n\t\t\t\t<section class=\"elementor-section elementor-top-section elementor-element elementor-element-80affac elementor-section-full_width elementor-section-height-default elementor-section-height-default\" data-id=\"80affac\" data-element_type=\"section\" data-e-type=\"section\" data-settings=\"{&quot;background_background&quot;:&quot;classic&quot;}\">\n\t\t\t\t\t\t<div class=\"elementor-container elementor-column-gap-default\">\n\t\t\t\t\t<div class=\"elementor-column elementor-col-100 elementor-top-column elementor-element elementor-element-59b7a8d\" data-id=\"59b7a8d\" data-element_type=\"column\" data-e-type=\"column\">\n\t\t\t<div class=\"elementor-widget-wrap elementor-element-populated\">\n\t\t\t\t\t\t<div class=\"elementor-element elementor-element-3da4980 elementor-widget__width-inherit elementor-widget elementor-widget-text-editor\" data-id=\"3da4980\" data-element_type=\"widget\" data-e-type=\"widget\" data-widget_type=\"text-editor.default\">\n\t\t\t\t<div class=\"elementor-widget-container\">\n\t\t\t\t\t\t\t\t\t<h1 style=\"text-align: center;\"><span style=\"color: #d6c13d;\"><strong>\u00a0<\/strong><\/span><span style=\"font-size: 1.875rem; color: #d6c13d;\"><strong>\u00a0<\/strong><\/span><span style=\"font-size: 1.875rem; color: #d6c13d;\"><strong>Psychoth\u00e9rapie<\/strong><\/span><\/h1><h1 style=\"text-align: center;\"><span style=\"color: #d6c13d;\"><strong>Th\u00e9rapie de couple et de famille<\/strong><\/span><\/h1>\t\t\t\t\t\t\t\t<\/div>\n\t\t\t\t<\/div>\n\t\t\t\t\t<\/div>\n\t\t<\/div>\n\t\t\t\t\t<\/div>\n\t\t<\/section>\n\t\t\t\t<section class=\"elementor-section elementor-top-section elementor-element elementor-element-cf91dde elementor-section-boxed elementor-section-height-default elementor-section-height-default\" data-id=\"cf91dde\" data-element_type=\"section\" data-e-type=\"section\">\n\t\t\t\t\t\t<div class=\"elementor-container elementor-column-gap-default\">\n\t\t\t\t\t<div class=\"elementor-column elementor-col-100 elementor-top-column elementor-element elementor-element-52a81cf\" data-id=\"52a81cf\" data-element_type=\"column\" data-e-type=\"column\">\n\t\t\t<div class=\"elementor-widget-wrap elementor-element-populated\">\n\t\t\t\t\t\t<section class=\"elementor-section elementor-inner-section elementor-element elementor-element-2d400e1 elementor-section-boxed elementor-section-height-default elementor-section-height-default\" data-id=\"2d400e1\" data-element_type=\"section\" data-e-type=\"section\">\n\t\t\t\t\t\t<div class=\"elementor-container elementor-column-gap-default\">\n\t\t\t\t\t<div class=\"elementor-column elementor-col-50 elementor-inner-column elementor-element elementor-element-51c354a\" data-id=\"51c354a\" data-element_type=\"column\" data-e-type=\"column\">\n\t\t\t<div class=\"elementor-widget-wrap elementor-element-populated\">\n\t\t\t\t\t\t<div class=\"elementor-element elementor-element-9d2f7c3 elementor-widget elementor-widget-image\" data-id=\"9d2f7c3\" data-element_type=\"widget\" data-e-type=\"widget\" data-widget_type=\"image.default\">\n\t\t\t\t<div class=\"elementor-widget-container\">\n\t\t\t\t\t\t\t\t\t\t\t\t\t\t\t<img decoding=\"async\" width=\"150\" height=\"150\" src=\"https:\/\/www.psychologue-aixenprovence.net\/wp-content\/uploads\/2020\/09\/08092020-DSC_3402-150x150.jpg\" class=\"attachment-thumbnail size-thumbnail wp-image-915\" alt=\"\" srcset=\"https:\/\/www.psychologue-aixenprovence.net\/wp-content\/uploads\/2020\/09\/08092020-DSC_3402-150x150.jpg 150w, https:\/\/www.psychologue-aixenprovence.net\/wp-content\/uploads\/2020\/09\/08092020-DSC_3402-300x300.jpg 300w, https:\/\/www.psychologue-aixenprovence.net\/wp-content\/uploads\/2020\/09\/08092020-DSC_3402-1024x1024.jpg 1024w, https:\/\/www.psychologue-aixenprovence.net\/wp-content\/uploads\/2020\/09\/08092020-DSC_3402-768x768.jpg 768w, https:\/\/www.psychologue-aixenprovence.net\/wp-content\/uploads\/2020\/09\/08092020-DSC_3402-1536x1536.jpg 1536w, https:\/\/www.psychologue-aixenprovence.net\/wp-content\/uploads\/2020\/09\/08092020-DSC_3402-2048x2048.jpg 2048w\" sizes=\"(max-width: 150px) 100vw, 150px\" \/>\t\t\t\t\t\t\t\t\t\t\t\t\t\t\t<\/div>\n\t\t\t\t<\/div>\n\t\t\t\t\t<\/div>\n\t\t<\/div>\n\t\t\t\t<div class=\"elementor-column elementor-col-50 elementor-inner-column elementor-element elementor-element-003b204\" data-id=\"003b204\" data-element_type=\"column\" data-e-type=\"column\">\n\t\t\t<div class=\"elementor-widget-wrap elementor-element-populated\">\n\t\t\t\t\t\t<div class=\"elementor-element elementor-element-0a8eab1 elementor-widget elementor-widget-text-editor\" data-id=\"0a8eab1\" data-element_type=\"widget\" data-e-type=\"widget\" data-widget_type=\"text-editor.default\">\n\t\t\t\t<div class=\"elementor-widget-container\">\n\t\t\t\t\t\t\t\t\t<h3><strong><u>Elodie Frediani<\/u><\/strong><\/h3><h1><span style=\"text-decoration: underline;\"><strong>Psychologue clinicienne<\/strong><\/span><br \/><span style=\"text-decoration: underline;\"><strong>Th\u00e9rapeute de couple et de famille<\/strong><\/span><\/h1><p><span style=\"font-size: 16px;\">Bienvenue sur le site internet de mon cabinet de psychologue, qui se\u00a0situe en centre-ville d\u2019Aix-en-Provence:<\/span><\/p><p><strong>Maison de la psychologie<br \/><\/strong>14 A, cours Mirabeau<br \/>13 100 Aix en Provence<\/p><p><span style=\"caret-color: #e40b0b; color: #e40b0b; font-size: 16px; font-style: normal;\">PSYCHOLOGUE NON CONVENTIONN\u00c9E \u00a0<\/span><\/p><p><span style=\"caret-color: #e40b0b; color: #e40b0b; font-size: 16px; font-style: normal;\">ATTENTION: certaines pr\u00e9cautions sanitaires \u00a0sont \u00e0 respecter: \u00a0port du masque obligatoire, ne pas arriver en avance.<\/span><\/p><p><span style=\"font-size: 16px;\">Pour prendre rendez-vous:<\/span><span style=\"font-size: 16px; color: #000000;\"><b> 06.08.66.61.26<\/b><\/span><span style=\"font-size: 16px;\"> ou <\/span><span style=\"font-size: 16px; color: #000000;\"><b>elodie.frediani@yahoo.fr<\/b><\/span><\/p><p>Consultations les <span style=\"color: #000000;\"><b>mardis<\/b><\/span> et <span style=\"color: #000000;\"><b>vendredis<\/b><\/span>.<\/p>\t\t\t\t\t\t\t\t<\/div>\n\t\t\t\t<\/div>\n\t\t\t\t\t<\/div>\n\t\t<\/div>\n\t\t\t\t\t<\/div>\n\t\t<\/section>\n\t\t\t\t\t<\/div>\n\t\t<\/div>\n\t\t\t\t\t<\/div>\n\t\t<\/section>\n\t\t\t\t<\/div>\n\t\t","protected":false},"excerpt":{"rendered":"<p>\u00a0\u00a0Psychoth\u00e9rapie Th\u00e9rapie de couple et de famille Elodie Frediani Psychologue clinicienne Th\u00e9rapeute de couple et de famille Bienvenue sur le site internet de mon cabinet de psychologue, qui se\u00a0situe en centre-ville d\u2019Aix-en-Provence: Maison de la psychologie 14 A, cours Mirabeau 13 100 Aix en Provence PSYCHOLOGUE NON CONVENTIONN\u00c9E Pour prendre rendez-vous: 06.08.66.61.26 ou elodie.frediani@yahoo.fr Consultations [&hellip;]<\/p>\n","protected":false},"author":1,"featured_media":0,"parent":0,"menu_order":0,"comment_status":"closed","ping_status":"closed","template":"","meta":{"_uag_custom_page_level_css":"","site-sidebar-layout":"no-sidebar","site-content-layout":"page-builder","ast-site-content-layout":"default","site-content-style":"default","site-sidebar-style":"default","ast-global-header-display":"","ast-banner-title-visibility":"","ast-main-header-display":"","ast-hfb-above-header-display":"","ast-hfb-below-header-display":"","ast-hfb-mobile-header-display":"","site-post-title":"disabled","ast-breadcrumbs-content":"","ast-featured-img":"disabled","footer-sml-layout":"","ast-disable-related-posts":"","theme-transparent-header-meta":"default","adv-header-id-meta":"","stick-header-meta":"","header-above-stick-meta":"","header-main-stick-meta":"","header-below-stick-meta":"","astra-migrate-meta-layouts":"default","ast-page-background-enabled":"default","ast-page-background-meta":{"desktop":{"background-color":"var(--ast-global-color-4)","background-image":"","background-repeat":"repeat","background-position":"center center","background-size":"auto","background-attachment":"scroll","background-type":"","background-media":"","overlay-type":"","overlay-color":"","overlay-opacity":"","overlay-gradient":""},"tablet":{"background-color":"","background-image":"","background-repeat":"repeat","background-position":"center center","background-size":"auto","background-attachment":"scroll","background-type":"","background-media":"","overlay-type":"","overlay-color":"","overlay-opacity":"","overlay-gradient":""},"mobile":{"background-color":"","background-image":"","background-repeat":"repeat","background-position":"center center","background-size":"auto","background-attachment":"scroll","background-type":"","background-media":"","overlay-type":"","overlay-color":"","overlay-opacity":"","overlay-gradient":""}},"ast-content-background-meta":{"desktop":{"background-color":"var(--ast-global-color-5)","background-image":"","background-repeat":"repeat","background-position":"center center","background-size":"auto","background-attachment":"scroll","background-type":"","background-media":"","overlay-type":"","overlay-color":"","overlay-opacity":"","overlay-gradient":""},"tablet":{"background-color":"var(--ast-global-color-5)","background-image":"","background-repeat":"repeat","background-position":"center center","background-size":"auto","background-attachment":"scroll","background-type":"","background-media":"","overlay-type":"","overlay-color":"","overlay-opacity":"","overlay-gradient":""},"mobile":{"background-color":"var(--ast-global-color-5)","background-image":"","background-repeat":"repeat","background-position":"center center","background-size":"auto","background-attachment":"scroll","background-type":"","background-media":"","overlay-type":"","overlay-color":"","overlay-opacity":"","overlay-gradient":""}},"footnotes":""},"class_list":["post-835","page","type-page","status-publish","hentry"],"uagb_featured_image_src":{"full":false,"thumbnail":false,"medium":false,"medium_large":false,"large":false,"1536x1536":false,"2048x2048":false},"uagb_author_info":{"display_name":"admin","author_link":"http:\/\/www.psychologue-aixenprovence.net\/?author=1"},"uagb_comment_info":0,"uagb_excerpt":"\u00a0\u00a0Psychoth\u00e9rapie Th\u00e9rapie de couple et de famille Elodie Frediani Psychologue clinicienne Th\u00e9rapeute de couple et de famille Bienvenue sur le site internet de mon cabinet de psychologue, qui se\u00a0situe en centre-ville d\u2019Aix-en-Provence: Maison de la psychologie 14 A, cours Mirabeau 13 100 Aix en Provence PSYCHOLOGUE NON CONVENTIONN\u00c9E Pour prendre rendez-vous: 06.08.66.61.26 ou elodie.frediani@yahoo.fr Consultations\u2026","_links":{"self":[{"href":"http:\/\/www.psychologue-aixenprovence.net\/index.php?rest_route=\/wp\/v2\/pages\/835","targetHints":{"allow":["GET"]}}],"collection":[{"href":"http:\/\/www.psychologue-aixenprovence.net\/index.php?rest_route=\/wp\/v2\/pages"}],"about":[{"href":"http:\/\/www.psychologue-aixenprovence.net\/index.php?rest_route=\/wp\/v2\/types\/page"}],"author":[{"embeddable":true,"href":"http:\/\/www.psychologue-aixenprovence.net\/index.php?rest_route=\/wp\/v2\/users\/1"}],"replies":[{"embeddable":true,"href":"http:\/\/www.psychologue-aixenprovence.net\/index.php?rest_route=%2Fwp%2Fv2%2Fcomments&post=835"}],"version-history":[{"count":35,"href":"http:\/\/www.psychologue-aixenprovence.net\/index.php?rest_route=\/wp\/v2\/pages\/835\/revisions"}],"predecessor-version":[{"id":942,"href":"http:\/\/www.psychologue-aixenprovence.net\/index.php?rest_route=\/wp\/v2\/pages\/835\/revisions\/942"}],"wp:attachment":[{"href":"http:\/\/www.psychologue-aixenprovence.net\/index.php?rest_route=%2Fwp%2Fv2%2Fmedia&parent=835"}],"curies":[{"name":"wp","href":"https:\/\/api.w.org\/{rel}","templated":true}]}}