{"id":790,"date":"2019-12-14T10:44:58","date_gmt":"2019-12-14T09:44:58","guid":{"rendered":"http:\/\/www.psychologue-aixenprovence.net\/?page_id=790"},"modified":"2026-04-22T10:04:19","modified_gmt":"2026-04-22T09:04:19","slug":"accueil","status":"publish","type":"page","link":"http:\/\/www.psychologue-aixenprovence.net\/?page_id=790","title":{"rendered":"Accueil"},"content":{"rendered":"\t\t<div data-elementor-type=\"wp-page\" data-elementor-id=\"790\" class=\"elementor elementor-790\">\n\t\t\t\t\t\t<section class=\"elementor-section elementor-top-section elementor-element elementor-element-dd29187 elementor-section-boxed elementor-section-height-default elementor-section-height-default\" data-id=\"dd29187\" data-element_type=\"section\" data-e-type=\"section\">\n\t\t\t\t\t\t<div class=\"elementor-container elementor-column-gap-default\">\n\t\t\t\t\t<div class=\"elementor-column elementor-col-100 elementor-top-column elementor-element elementor-element-1c19950\" data-id=\"1c19950\" data-element_type=\"column\" data-e-type=\"column\">\n\t\t\t<div class=\"elementor-widget-wrap elementor-element-populated\">\n\t\t\t\t\t\t<div class=\"elementor-element elementor-element-958342a elementor-widget elementor-widget-image\" data-id=\"958342a\" data-element_type=\"widget\" data-e-type=\"widget\" data-widget_type=\"image.default\">\n\t\t\t\t<div class=\"elementor-widget-container\">\n\t\t\t\t\t\t\t\t\t\t\t\t\t\t\t<img fetchpriority=\"high\" decoding=\"async\" width=\"999\" height=\"287\" src=\"http:\/\/www.psychologue-aixenprovence.net\/wp-content\/uploads\/2019\/12\/cropped-20120519_1221431.jpg\" class=\"attachment-large size-large wp-image-794\" alt=\"\" srcset=\"http:\/\/www.psychologue-aixenprovence.net\/wp-content\/uploads\/2019\/12\/cropped-20120519_1221431.jpg 999w, http:\/\/www.psychologue-aixenprovence.net\/wp-content\/uploads\/2019\/12\/cropped-20120519_1221431-600x172.jpg 600w, http:\/\/www.psychologue-aixenprovence.net\/wp-content\/uploads\/2019\/12\/cropped-20120519_1221431-300x86.jpg 300w, http:\/\/www.psychologue-aixenprovence.net\/wp-content\/uploads\/2019\/12\/cropped-20120519_1221431-768x221.jpg 768w\" sizes=\"(max-width: 999px) 100vw, 999px\" \/>\t\t\t\t\t\t\t\t\t\t\t\t\t\t\t<\/div>\n\t\t\t\t<\/div>\n\t\t\t\t<div class=\"elementor-element elementor-element-7e1b40c elementor-widget elementor-widget-text-editor\" data-id=\"7e1b40c\" data-element_type=\"widget\" data-e-type=\"widget\" data-widget_type=\"text-editor.default\">\n\t\t\t\t<div class=\"elementor-widget-container\">\n\t\t\t\t\t\t\t\t\t<p><b>Psychologue et th\u00e9rapeute de couple \u00e0 Aix-en-Provence<\/b><\/p><p><a href=\"http:\/\/www.psychologue-aixenprovence.net\/wp-content\/uploads\/2012\/10\/MyPicture.jpg\"><br \/><\/a>Elodie FREDIANI, psychologue clinicienne et th\u00e9rapeute de couple et familiale.<\/p><p>Bienvenue sur le site internet de mon cabinet de psychologue, qui se\u00a0situe en centre-ville d\u2019Aix-en-Provence:<\/p><p><b>Maison de la psychologie<\/b><\/p><p><b>14 A, cours Mirabeau<\/b><\/p><p><b>13 100 Aix en Provence<\/b><\/p><p>Pour prendre rendez-vous:<b> 06.08.66.61.26<\/b> ou <b>elodie.frediani@yahoo.fr<\/b><\/p><p>Consultations les <b>mardis<\/b> et <b>vendredis<\/b>.<\/p>\t\t\t\t\t\t\t\t<\/div>\n\t\t\t\t<\/div>\n\t\t\t\t\t<\/div>\n\t\t<\/div>\n\t\t\t\t\t<\/div>\n\t\t<\/section>\n\t\t\t\t<section class=\"elementor-section elementor-top-section elementor-element elementor-element-98f0c5a elementor-section-boxed elementor-section-height-default elementor-section-height-default\" data-id=\"98f0c5a\" data-element_type=\"section\" data-e-type=\"section\">\n\t\t\t\t\t\t<div class=\"elementor-container elementor-column-gap-default\">\n\t\t\t\t\t<div class=\"elementor-column elementor-col-100 elementor-top-column elementor-element elementor-element-d8a43b6\" data-id=\"d8a43b6\" data-element_type=\"column\" data-e-type=\"column\">\n\t\t\t<div class=\"elementor-widget-wrap elementor-element-populated\">\n\t\t\t\t\t\t<div class=\"elementor-element elementor-element-559b5ab elementor-widget elementor-widget-text-editor\" data-id=\"559b5ab\" data-element_type=\"widget\" data-e-type=\"widget\" data-widget_type=\"text-editor.default\">\n\t\t\t\t<div class=\"elementor-widget-container\">\n\t\t\t\t\t\t\t\t\t<p>Je consulte \u00e9galement sur Marseille les jeudis.\u00a0<\/p><p>Toutes les informations sur:<\/p><p><a href=\"http:\/\/www.collectif-apres.fr\">http:\/\/www.collectif-apres.fr<\/a><\/p>\t\t\t\t\t\t\t\t<\/div>\n\t\t\t\t<\/div>\n\t\t\t\t\t<\/div>\n\t\t<\/div>\n\t\t\t\t\t<\/div>\n\t\t<\/section>\n\t\t\t\t<section class=\"elementor-section elementor-top-section elementor-element elementor-element-02d4e8a elementor-section-boxed elementor-section-height-default elementor-section-height-default\" data-id=\"02d4e8a\" data-element_type=\"section\" data-e-type=\"section\">\n\t\t\t\t\t\t<div class=\"elementor-container elementor-column-gap-default\">\n\t\t\t\t\t<div class=\"elementor-column elementor-col-100 elementor-top-column elementor-element elementor-element-72d8b4a\" data-id=\"72d8b4a\" data-element_type=\"column\" data-e-type=\"column\">\n\t\t\t<div class=\"elementor-widget-wrap elementor-element-populated\">\n\t\t\t\t\t\t<div class=\"elementor-element elementor-element-fe54ce9 elementor-widget elementor-widget-text-editor\" data-id=\"fe54ce9\" data-element_type=\"widget\" data-e-type=\"widget\" data-widget_type=\"text-editor.default\">\n\t\t\t\t<div class=\"elementor-widget-container\">\n\t\t\t\t\t\t\t\t\t<p>Pour toute demande de t\u00e9l\u00e9consultation, merci de m&rsquo;adresser un mail.\u00a0<\/p>\t\t\t\t\t\t\t\t<\/div>\n\t\t\t\t<\/div>\n\t\t\t\t\t<\/div>\n\t\t<\/div>\n\t\t\t\t\t<\/div>\n\t\t<\/section>\n\t\t\t\t<\/div>\n\t\t","protected":false},"excerpt":{"rendered":"<p>Psychologue et th\u00e9rapeute de couple \u00e0 Aix-en-Provence Elodie FREDIANI, psychologue clinicienne et th\u00e9rapeute de couple et familiale. Bienvenue sur le site internet de mon cabinet de psychologue, qui se\u00a0situe en centre-ville d\u2019Aix-en-Provence: Maison de la psychologie 14 A, cours Mirabeau 13 100 Aix en Provence Pour prendre rendez-vous: 06.08.66.61.26 ou elodie.frediani@yahoo.fr Consultations les mardis et [&hellip;]<\/p>\n","protected":false},"author":1,"featured_media":0,"parent":0,"menu_order":0,"comment_status":"closed","ping_status":"closed","template":"","meta":{"_uag_custom_page_level_css":"","site-sidebar-layout":"no-sidebar","site-content-layout":"page-builder","ast-site-content-layout":"full-width-container","site-content-style":"unboxed","site-sidebar-style":"unboxed","ast-global-header-display":"","ast-banner-title-visibility":"","ast-main-header-display":"","ast-hfb-above-header-display":"","ast-hfb-below-header-display":"","ast-hfb-mobile-header-display":"","site-post-title":"disabled","ast-breadcrumbs-content":"","ast-featured-img":"disabled","footer-sml-layout":"","ast-disable-related-posts":"","theme-transparent-header-meta":"default","adv-header-id-meta":"","stick-header-meta":"","header-above-stick-meta":"","header-main-stick-meta":"","header-below-stick-meta":"","astra-migrate-meta-layouts":"set","ast-page-background-enabled":"default","ast-page-background-meta":{"desktop":{"background-color":"var(--ast-global-color-4)","background-image":"","background-repeat":"repeat","background-position":"center center","background-size":"auto","background-attachment":"scroll","background-type":"","background-media":"","overlay-type":"","overlay-color":"","overlay-opacity":"","overlay-gradient":""},"tablet":{"background-color":"","background-image":"","background-repeat":"repeat","background-position":"center center","background-size":"auto","background-attachment":"scroll","background-type":"","background-media":"","overlay-type":"","overlay-color":"","overlay-opacity":"","overlay-gradient":""},"mobile":{"background-color":"","background-image":"","background-repeat":"repeat","background-position":"center center","background-size":"auto","background-attachment":"scroll","background-type":"","background-media":"","overlay-type":"","overlay-color":"","overlay-opacity":"","overlay-gradient":""}},"ast-content-background-meta":{"desktop":{"background-color":"var(--ast-global-color-5)","background-image":"","background-repeat":"repeat","background-position":"center center","background-size":"auto","background-attachment":"scroll","background-type":"","background-media":"","overlay-type":"","overlay-color":"","overlay-opacity":"","overlay-gradient":""},"tablet":{"background-color":"var(--ast-global-color-5)","background-image":"","background-repeat":"repeat","background-position":"center center","background-size":"auto","background-attachment":"scroll","background-type":"","background-media":"","overlay-type":"","overlay-color":"","overlay-opacity":"","overlay-gradient":""},"mobile":{"background-color":"var(--ast-global-color-5)","background-image":"","background-repeat":"repeat","background-position":"center center","background-size":"auto","background-attachment":"scroll","background-type":"","background-media":"","overlay-type":"","overlay-color":"","overlay-opacity":"","overlay-gradient":""}},"footnotes":""},"class_list":["post-790","page","type-page","status-publish","hentry"],"uagb_featured_image_src":{"full":false,"thumbnail":false,"medium":false,"medium_large":false,"large":false,"1536x1536":false,"2048x2048":false},"uagb_author_info":{"display_name":"admin","author_link":"http:\/\/www.psychologue-aixenprovence.net\/?author=1"},"uagb_comment_info":0,"uagb_excerpt":"Psychologue et th\u00e9rapeute de couple \u00e0 Aix-en-Provence Elodie FREDIANI, psychologue clinicienne et th\u00e9rapeute de couple et familiale. Bienvenue sur le site internet de mon cabinet de psychologue, qui se\u00a0situe en centre-ville d\u2019Aix-en-Provence: Maison de la psychologie 14 A, cours Mirabeau 13 100 Aix en Provence Pour prendre rendez-vous: 06.08.66.61.26 ou elodie.frediani@yahoo.fr Consultations les mardis et\u2026","_links":{"self":[{"href":"http:\/\/www.psychologue-aixenprovence.net\/index.php?rest_route=\/wp\/v2\/pages\/790","targetHints":{"allow":["GET"]}}],"collection":[{"href":"http:\/\/www.psychologue-aixenprovence.net\/index.php?rest_route=\/wp\/v2\/pages"}],"about":[{"href":"http:\/\/www.psychologue-aixenprovence.net\/index.php?rest_route=\/wp\/v2\/types\/page"}],"author":[{"embeddable":true,"href":"http:\/\/www.psychologue-aixenprovence.net\/index.php?rest_route=\/wp\/v2\/users\/1"}],"replies":[{"embeddable":true,"href":"http:\/\/www.psychologue-aixenprovence.net\/index.php?rest_route=%2Fwp%2Fv2%2Fcomments&post=790"}],"version-history":[{"count":11,"href":"http:\/\/www.psychologue-aixenprovence.net\/index.php?rest_route=\/wp\/v2\/pages\/790\/revisions"}],"predecessor-version":[{"id":967,"href":"http:\/\/www.psychologue-aixenprovence.net\/index.php?rest_route=\/wp\/v2\/pages\/790\/revisions\/967"}],"wp:attachment":[{"href":"http:\/\/www.psychologue-aixenprovence.net\/index.php?rest_route=%2Fwp%2Fv2%2Fmedia&parent=790"}],"curies":[{"name":"wp","href":"https:\/\/api.w.org\/{rel}","templated":true}]}}